{"id":11,"date":"2018-01-15T09:16:09","date_gmt":"2018-01-15T09:16:09","guid":{"rendered":"http:\/\/karlheinzarnold.de\/?page_id=11"},"modified":"2019-01-31T16:34:07","modified_gmt":"2019-01-31T16:34:07","slug":"radlerisches","status":"publish","type":"page","link":"http:\/\/karlheinzarnold.de\/?page_id=11","title":{"rendered":"Radlerisches"},"content":{"rendered":"<h2>Projekte<\/h2>\n<ul>\n<li><a href=\"https:\/\/www.hi-radtouren.de\/radweg-berlin-hameln\/\">Radweg Berlin\u2013Hameln<\/a><\/li>\n<li><a href=\"http:\/\/karlheinzarnold.de\/?page_id=34\">Hildesheimer LiteRADtouren<\/a><\/li>\n<\/ul>\n<h2>Publikationen<\/h2>\n<ul>\n<li><a href=\"https:\/\/www.arete-verlag.de\/index.php\/programm\/radweg-berlin-hameln-eine-landschaftserkundung-und-kulturreise\">Reisef\u00fchrer zum Radweg Berlin\u2013Hameln<\/a><\/li>\n<\/ul>\n<p><img loading=\"lazy\" decoding=\"async\" class=\"alignnone size-full wp-image-183\" src=\"http:\/\/karlheinzarnold.de\/wp-content\/uploads\/2018\/01\/RBH_Umschlag-Titelseite_cymk_72dpi_klein.jpg\" alt=\"\" width=\"177\" height=\"266\" \/><\/p>\n<p>Der Radweg Berlin\u2013Hameln ist einer der wenigen Radfernwege, die Deutschland von West nach Ost durchqueren. Dieser Reisef\u00fchrer beschreibt und zeigt in Fotos sowie k\u00fcnstlerischen Bildern jene Landschaften, D\u00f6rfer und St\u00e4dte, die zwischen Hameln und Berlin, zwischen Weserbergland und der Mark Brandenburg, zwischen Weser und Havel ,am Wege\u2018 liegen.<\/p>\n<p>Informiert wird dabei auch \u00fcber die naturr\u00e4umliche Gliederung, die Gew\u00e4sser und Verkehrswege, \u00fcber die historische und politische sowie die agrarische und industrielle Entwicklung in den Regionen sowie \u00fcber deren kulturelle und damit auch architektonische, religi\u00f6se und schulische Besonderheiten.<\/p>\n<p>Ungef\u00e4hr 250 kleinere Fotos (z.\u00a0T. von <a href=\"http:\/\/www.gerhardgranzow.de\">Gerhard Granzow<\/a>) weisen auf Sehenswertes hin. Mit gr\u00f6\u00dferen Fotos und von Robert Meyer k\u00fcnstlerisch gestalteten Bildern werden insbesondere Landschaftseindr\u00fccke wiedergegeben. Mehrere Karten erschlie\u00dfen \u00dcberblicksinformationen.<\/p>\n<hr \/>\n<p><img loading=\"lazy\" decoding=\"async\" class=\"size-medium wp-image-45 aligncenter\" src=\"http:\/\/karlheinzarnold.de\/wp-content\/uploads\/2018\/01\/Quilt07_Applications-288x300.jpg\" alt=\"\" width=\"288\" height=\"300\" srcset=\"http:\/\/karlheinzarnold.de\/wp-content\/uploads\/2018\/01\/Quilt07_Applications-288x300.jpg 288w, http:\/\/karlheinzarnold.de\/wp-content\/uploads\/2018\/01\/Quilt07_Applications.jpg 435w\" sizes=\"auto, (max-width: 288px) 100vw, 288px\" \/><\/p>\n<p style=\"text-align: center;\">Baltimore Quilt, Detail<br \/>\n(Ursula Arnold, 2001)<\/p>\n","protected":false},"excerpt":{"rendered":"<p>Projekte Radweg Berlin\u2013Hameln Hildesheimer LiteRADtouren Publikationen Reisef\u00fchrer zum Radweg Berlin\u2013Hameln Der Radweg Berlin\u2013Hameln ist einer der wenigen Radfernwege, die Deutschland von West nach Ost durchqueren. Dieser Reisef\u00fchrer beschreibt und zeigt in Fotos sowie k\u00fcnstlerischen Bildern jene Landschaften, D\u00f6rfer und St\u00e4dte, die zwischen Hameln und Berlin, zwischen Weserbergland und der Mark Brandenburg, zwischen Weser und Havel &hellip; <\/p>\n<p class=\"link-more\"><a href=\"http:\/\/karlheinzarnold.de\/?page_id=11\" class=\"more-link\"><span class=\"screen-reader-text\">\u201eRadlerisches\u201c<\/span> weiterlesen<\/a><\/p>\n","protected":false},"author":1,"featured_media":0,"parent":0,"menu_order":0,"comment_status":"closed","ping_status":"closed","template":"","meta":{"_crdt_document":"","footnotes":""},"class_list":["post-11","page","type-page","status-publish","hentry"],"_links":{"self":[{"href":"http:\/\/karlheinzarnold.de\/index.php?rest_route=\/wp\/v2\/pages\/11","targetHints":{"allow":["GET"]}}],"collection":[{"href":"http:\/\/karlheinzarnold.de\/index.php?rest_route=\/wp\/v2\/pages"}],"about":[{"href":"http:\/\/karlheinzarnold.de\/index.php?rest_route=\/wp\/v2\/types\/page"}],"author":[{"embeddable":true,"href":"http:\/\/karlheinzarnold.de\/index.php?rest_route=\/wp\/v2\/users\/1"}],"replies":[{"embeddable":true,"href":"http:\/\/karlheinzarnold.de\/index.php?rest_route=%2Fwp%2Fv2%2Fcomments&post=11"}],"version-history":[{"count":14,"href":"http:\/\/karlheinzarnold.de\/index.php?rest_route=\/wp\/v2\/pages\/11\/revisions"}],"predecessor-version":[{"id":466,"href":"http:\/\/karlheinzarnold.de\/index.php?rest_route=\/wp\/v2\/pages\/11\/revisions\/466"}],"wp:attachment":[{"href":"http:\/\/karlheinzarnold.de\/index.php?rest_route=%2Fwp%2Fv2%2Fmedia&parent=11"}],"curies":[{"name":"wp","href":"https:\/\/api.w.org\/{rel}","templated":true}]}}