{"id":306,"date":"2018-01-19T08:43:26","date_gmt":"2018-01-19T08:43:26","guid":{"rendered":"http:\/\/karlheinzarnold.de\/?page_id=306"},"modified":"2020-02-16T09:21:43","modified_gmt":"2020-02-16T09:21:43","slug":"esis","status":"publish","type":"page","link":"http:\/\/karlheinzarnold.de\/?page_id=306","title":{"rendered":"ESIS"},"content":{"rendered":"<h2>Entwicklung Studierender in Schulpraktika (ESIS)<br \/>\nForschungsprojekt [1999-2017]<\/h2>\n<h2>\u00dcberblick<\/h2>\n<p>Schulpraktika sollen den Erwerb von fachwissenschaftlichem, fachdidaktischem, erziehungswissenschaftlichem sowie sozialwissenschaftlichem Theoriewissen erg\u00e4nzen und dieses Wissen in einen Anwendungskontext bringen (vgl. Terhart, 2000). Entwickelt wurden hierzu unterschiedliche Klassifikationen relevanter Lehrerkompetenzen (vgl. u.a. Oser &amp; Oelkers, 2001; Frey &amp; Balzer, 2003) sowie generalisierte Modelle der professionellen Handlungskompetenz von Lehrkr\u00e4ften (Baumert &amp; Kunter, 2006), als deren zentraler Teilbereich das bildungswissenschaftliche Wissen besonders fokussiert wird (Voss, Kunina-Habenicht, Hoehn &amp; Kunter, 2015). Obgleich in den letzten Jahren eine deutliche Zunahme an empirischen Studien in der Erforschung von Schulpraktika zu verzeichnen ist, ist die Frage nach der tats\u00e4chlichen Lernwirksamkeit von Praktikumsveranstaltungen immer noch als Forschungsdesiderat anzusehen (vgl. Schellack &amp; Lemmerm\u00f6hle, 2008). Was intentionsgem\u00e4\u00df und intentionswidrig im Rahmen universit\u00e4rer Praxisphasen gelernt wird, ist ebenfalls nur wenig untersucht (Besa &amp; B\u00fcdcher, 2014; Hascher, 2006). Es ist zu vermuten, dass ein Lernzuwachs nur in einzelnen Kompetenzbereichen erreicht wird und dass in erheblichem Ma\u00dfe konzeptuell allenfalls schwach ausformuliertes und wenig reflektiertes Modelllernen stattfindet (vgl. Bodensohn &amp; Schneider, 2009; Arnold, 2015).<\/p>\n<p>Im Forschungsprojekt ESIS (Entwicklung Studierender in Schulpraktika) wird mit l\u00e4ngsschnittlich angelegten Fragebogen- und Leistungserhebungen die Lernentwicklung von Lehramtsstudierenden in jenen Kompetenzbereichen untersucht, die insbesondere in den schulp\u00e4dagogischen Praxisphasen (Schulpraktische Studien, Allgemeines Schulpraktikum) entwickelt werden sollen. In einem Multiinformantendesign werden sowohl die Selbstausk\u00fcnfte der Studierenden bez\u00fcglich ihrer eigenen Kompetenz als auch die Fremdeinsch\u00e4tzungen ihrer Mentor_innen erfasst. Zudem wird ein Leistungstest zur Erfassung der allgemeindidaktischen Planungskompetenz validiert. Dabei interessiert auch, welche Wirkung im Sinne des Modelllernens die betreuenden Mentor_innen f\u00fcr die Studierenden haben. Als Mediator- und Effektvariablen werden relevante Konstrukte aus den Bereichen der Motivation (z.B. Selbstwirksamkeitserwartungen; Studien- und Berufswahlmotivation) sowie der Einstellung zu Sch\u00fcler_innen mit besonderen F\u00f6rderbedarfen untersucht.<\/p>\n<p>Im Teilprojekt ULIV (Unterrichtsmethoden und Lernstrategien im interdisziplin\u00e4ren Vergleich) wird untersucht, auf welchen Wissensgrundlagen unterrichtsplanerische Entscheidungen zu Unterrichtsmethoden und Lernstrategien basieren. Standardquellen der disziplin\u00e4ren Wissensdarstellung (insbes. Lehrb\u00fccher der Allgemeinen Didaktik und der Lehr-Lernforschung, der Hochschuldidaktik und der Fachdidaktiken) repr\u00e4sentieren sowohl den Wissensbestand als auch zentrale Lerngelegenheiten f\u00fcr dessen Erwerb. Im Rahmen von Dokumentenanalysen werden diese vergleichend ausgewertet.<\/p>\n<h2>Overview<\/h2>\n<p>Student teaching internships offer the opportunity to apply theoretical knowledge concerning subject matter education, educational science (esp. General Didactics) and the social sciences in the school (cf. Terhart, 2000). Several classifications were developed with reference to teachers\u2019 key competencies and skills (cf. e.g. Oser &amp; Oelkers 2001; Frey &amp; Balzer 2003) as well as general models of professional teacher competencies (Baumert &amp; Kunter, 2006). Thereby the dimension of fundamental knowledge concerning the educational sciences is brought into focus (Voss, Kunina-Habenicht, Hoehn &amp; Kunter, 2015). Despite increasing empirical research on that issue the effectiveness of practical training in schools could not be demonstrated sufficiently (cf. Schellack &amp; Lemmerm\u00f6hle, 2008). Currently there is a lack of empirical studies investigating intended and unintended effects of practical teacher training (Besa &amp; B\u00fcdcher, 2014; Hascher, 2006). The acquisition of knowledge might only occur in terms of specific competencies and imitational learning with poor theoretical foundation is supposed to take place (cf. Bodensohn &amp; Schneider 2009; Arnold, 2015).<\/p>\n<p>The project ESIS (Entwicklung Studierender in Schulpraktika, Student Teacher Development in Internships ) examines the development of competencies that should emerge during student teaching internships. Using a multi-informant longitudinal design the students\u2019 self-reported and mentor-assessed competencies are measured. Moreover, in regard to the perspective of General Didactics an achievement test assessing lesson planning competence of students is validated. Additionally, the study investigates to what extend the mentoring teachers function as role models and affect their students\u2019 self-efficacy expectations concerning the ability to teach. As mediator and outcome variables relevant constructs focusing on motivation (e.g. self-efficacy, career choice motivation) as well as attitudes towards students with special educational needs, are examined.<\/p>\n<p>The project ULIV (Unterrichtsmethoden und Lernstrategien im interdisziplin\u00e4ren Vergleich; Teaching Methods and Learning Strategies in an Interdisciplinary Comparison) investigates the scientific knowledge base of teaching methods and learning strategies regarding their employment to plan a lesson. General Didactics, instructional science, and subject matter Didactics are put &nbsp;into conceptual comparison. Content analysis is applied to disciplinary textbooks used in teacher education programs.<\/p>\n<h2>Publikationen<\/h2>\n<ul>\n<li>Besa, K.-S. &amp; Sch\u00fcle, C. (subm). Ver\u00e4nderung der Berufswahlmotivation von Lehramtsstudierenden in unterschiedlichen Praktikumsformen im Studienverlauf.<\/li>\n<li>Sch\u00fcle, C., Schriek, J., Besa, K.-S. &amp; Arnold, K.-H. (subm). Die Bedeutung inklusiver Einstellungen von Lehrpersonen f\u00fcr einen individualisiert-inklusiven Unterricht.<\/li>\n<li>Sch\u00fcle, C., Besa, K. S., Schriek, J. &amp; Arnold, K.-H. (subm). Die Ver\u00e4nderung der Lehrerselbstwirksamkeits\u00fcberzeugung in Schulpraktika.<\/li>\n<li>Besa, K.-S., Bach, A. &amp; Arnold, K.-H. (im Druck). Kompetenzentwicklung im Schulpraktikum: Ergebnisse aus dem Projekt ESIS (Entwicklung Studierender in Schulpraktika). In A. Rakhkochkine, B. Koch-Priewe, M. Hallitzky, J. C. St\u00f6rtl\u00e4nder &amp; M. Trautmann (Hrsg.), Vergleichende Didaktik und Curriculumforschung: nationale und internationale Perspektiven. Bad Heilbrunn: Klinkhardt.<\/li>\n<li>Sch\u00fcle, C., Besa, K. S., Denger, C., Fe\u00dfler, F. &amp; Arnold, K.-H. (2014). Lehrerbelastung und Berufswahlmotivation: Ein ressourcentheoretischer Ansatz. Lehrerbildung auf dem Pr\u00fcfstand 7), 175-189.<\/li>\n<li>Bach, A., Besa, K.-S. &amp; Arnold, K.-H. (2014). Entwicklungsbedingungen der allgemeindidaktischen Unterrichtsplanungskompetenz in Schulpraktika: Ergebnisse aus dem Projekt ESIS (Entwicklung Studierender in Schulpraktika). In K.-H. Arnold, A. Gr\u00f6schner &amp; T. Hascher (Hrsg.), Schulpraktika in der Lehrerbildung: Theoretische Grundlagen, Konzeptionen, Prozesse und Effekte (S. 165-182). M\u00fcnster: Waxmann.<\/li>\n<li>Besa, K.-S. &amp; B\u00fcdcher, M. (2014). Empirical evidence on field experiences in teacher education: A review of the research base. In K.-H. Arnold, A. Gr\u00f6schner &amp; T. Hascher (Hrsg.), Schulpraktika in der Lehrerbildung: Theoretische Grundlagen, Konzeptionen, Prozesse und Effekte (S. 129-146). M\u00fcnster: Waxmann.<\/li>\n<li>Bach, A. (2014). Entwicklung des Praxisbezugs in der Volksschullehrerbildung. In K.-H. Arnold, A. Gr\u00f6schner &amp; T. Hascher (Hrsg.), Schulpraktika in der Lehrerbildung: Theoretische Grundlagen, Konzeptionen, Prozesse und Effekte (S. 45-61). M\u00fcnster: Waxmann.<\/li>\n<li>Gassmann, C. (2013). Erlebte Aufgabenschwierigkeit bei der Unterrichtsplanung: eine qualitativ-inhaltsanalytische Studie zu den Praktikumsphasen der universit\u00e4ren Lehrerbildung. Wiesbaden: Springer.<\/li>\n<li>Ro\u00dfa, A.-E. (2013). Zum Verh\u00e4ltnis von allgemeiner Didaktik und Fachdidaktik in der Lehrerbildung: Einsch\u00e4tzungen von Lehramtsstudierenden zur F\u00e4higkeitsentwicklung in universit\u00e4ren Praxisphasen. Bad Heilbrunn: Klinkhardt.<\/li>\n<li>Bach, A. (2013). Kompetenzentwicklung im Schulpraktikum: Ausma\u00df und zeitliche Stabilit\u00e4t von Lerneffekten hochschulischer Praxisphasen. M\u00fcnster: Waxmann.<\/li>\n<li>Bach, A., Besa, K.-S. &amp; Arnold, K.-H. (2012). General Didactics in internships: Teacher students&#8216; development of competencies in lesson planning. Jahrbuch f\u00fcr Allgemeine Didaktik, 2, 179-194.<\/li>\n<li>Bach, A., Besa, K.-S., Brodh\u00e4cker, S. &amp; Arnold, K.-H. (2012). Kompetenzentwicklung in Schulpraktika: Erfassung allgemeindidaktischer Kompetenz zur Planung, Durchf\u00fchrung und Analyse von Unterricht. In T. Hascher &amp; G. H. Neuweg (Hrsg.), Forschung zur (Wirksamkeit der) Lehrerbildung (S. 105-122). Wien: LIT-Verlag.<\/li>\n<li>Bach, A., Brodh\u00e4cker, S. &amp; Arnold K.-H. (2010). Entwicklung allgemeindidaktischer Kompetenz in Schulpraktika: Erfassung der Kompetenzen zur Unterrichtsplanung, -durchf\u00fchrung und -analyse. Lehrerbildung auf dem Pr\u00fcfstand, 3, 158-178.<\/li>\n<\/ul>\n<h2>Tagungsauftritte<\/h2>\n<ul>\n<li>Besa, K.-S., Sch\u00fcle, C. &amp; Arnold, K.-H. (2016, April). Quantitative Erfassung allgemeindidaktischer Kompetenz \u2013Ergebnisse aus dem ESIS-Projekt (Entwicklung Studierender in Schulpraktika). Forschungssymposium Die Unterrichtsplanung &#8211; Ein in Vergessenheit geratener Kompetenzbereich?!. M\u00fcnchen.<\/li>\n<li>Schriek, J., Sch\u00fcle, C., Besa, K.-S. &amp; Arnold, K.-H. (2016, M\u00e4rz). Die Bedeutung der Einstellung zur Inklusion von Lehrpersonen f\u00fcr einen individualisiert-inklusiven Unterricht. 25. DGfE Kongress R\u00e4ume f\u00fcr Bildung. Bildung f\u00fcr R\u00e4ume. Kassel.<\/li>\n<li>Besa, K.-S., Sch\u00fcle, C. &amp; Arnold, K.-H. (2016, M\u00e4rz). Einfl\u00fcsse und Ver\u00e4nderungen von Berufswahlmotivation und Selbstwirksamkeitserwartungen in universit\u00e4ren Praxisphasen der Lehrerausbildung. 4. Jahrestagung der Gesellschaft f\u00fcr empirische Bildungsforschung (GEBF), Berlin.<\/li>\n<li>Sch\u00fcle, C., Fe\u00dfler, F., Schriek, J., Besa, K.-S. &amp; Arnold, K.-H. (2016, M\u00e4rz). Die Bedeutung flexibler Zielanpassungsmechanismen f\u00fcr das Belastungserleben angehender Lehrkr\u00e4fte. 4. Jahrestagung der Gesellschaft f\u00fcr empirische Bildungsforschung (GEBF), Berlin.<\/li>\n<li>Sch\u00fcle, C., Schriek, J. &amp; Arnold, K.-H. (2015, September). Erfassung von Einstellungen zur schulischen Inklusion von Lehrpersonen: Ein Erwartungs-mal-Wert-theoretischer Ansatz. 80. Tagung der Arbeitsgruppe f\u00fcr empirisch-p\u00e4dagogische Forschung (AEPF). G\u00f6ttingen.<\/li>\n<li>Besa, K.-S. (2015, Mai). Die Ver\u00e4nderung der Berufswahlmotivation in unterschiedlichen Praxisphasen. 1. Internationaler Kongress \u201eLernen in der Praxis\u201c, Brugg-Windisch.<\/li>\n<li>Sch\u00fcle, C., Schriek, J., Besa, K.-S., Denger, C. &amp; Arnold, K.-H. (2015, September). Die Ver\u00e4nderung der Lehrerselbstwirksamkeit in Schulpraktika. 15. Fachgruppentagung P\u00e4dagogische Psychologie, Kassel.<\/li>\n<li>Sch\u00fcle, C., Besa, K. S., Denger, C., Fe\u00dfler, F., &amp; Arnold, K.-H. (2015, M\u00e4rz). Die Entwicklung allgemeiner Selbstwirksamkeitserwartungen im Rahmen schulpraktischer Studienelemente. 3. Jahrestagung der Gesellschaft f\u00fcr empirische Bildungsforschung (GEBF), Bochum.<\/li>\n<li>Denger, C., Sch\u00fcle, C., Besa, K.S. &amp; Arnold, K.-H. (2015, M\u00e4rz). Berufswahlmotivation, Lehrerselbstwirksamkeit und Belastungserleben von Lehramtsstudierenden. 3. Jahrestagung der Gesellschaft f\u00fcr empirische Bildungsforschung (GEBF), Bochum.<\/li>\n<li>Sch\u00fcle, C., Besa, K. S., &amp; Arnold, K.- H. (2014, September). Die Ver\u00e4nderung der Lehrerselbstwirksamkeitserwartung in schulpraktischen Ausbildungsphasen des Lehramtsstudiums.79. Tagung der Arbeitsgruppe f\u00fcr empirische p\u00e4dagogische Forschung (AEPF). Hamburg.<\/li>\n<li>Besa, K. S., Sch\u00fcle, C. &amp; Arnold, K.- H. (2014, September). Die Entwicklung der Berufswahlmotivation von Lehramtsstudierenden in Praxisphasen. 79. Tagung der Arbeitsgruppe f\u00fcr empirische p\u00e4dagogische Forschung (AEPF). Hamburg.<\/li>\n<li>Bach, A. (2014, M\u00e4rz). Lernprozesse in Schulpraktika. Eingeladener Vortrag am Institut f\u00fcr Forschung, Entwicklung und Evaluation der P\u00e4dagogischen Hochschule Bern. Bern.<\/li>\n<li>Bach, A. (2014, Februar). Berufspraktische Studien als Lerngelegenheit der Lehrerinnen- und Lehrerbildung. Eingeladener Vortrag anl\u00e4sslich des Treffens der Arbeitsgruppe Berufspraktische Studien der Schweizerischen Gesellschaft f\u00fcr Lehrerbildung (SGL). Gossau\/St. Gallen.<\/li>\n<li>Besa, K.-S., Bach, A. &amp; Arnold,K.-H. (2014, M\u00e4rz). Erwerb und Entwicklung allgemeindidaktischer Planungskompetenz in unterschiedlichen Praktikumsformen. 2. Fachtagung der Gesellschaft f\u00fcr Empirische Bildungsforschung (GEBF). Frankfurt am Main.<\/li>\n<li>Besa, K.-S., Bach, A. &amp; Arnold,K.-H. (2013, M\u00e4rz). Entwicklung Allgemeindidaktischer Kompetenz in Schulpraktika \u2013 Projekt ESIS. Vergleichende Didaktik und Curriculumforschung: nationale und internationale Perspektiven. Leipzig.<\/li>\n<li>Bach, A. (2013, September). Entwicklung von Selbstwirksamkeitserwartungen im Schulpraktikum. Ergebnisse einer L\u00e4ngsschnittstudie. Vortrag auf der Tagung 78. Tagung der Arbeitsgruppe f\u00fcr empirische p\u00e4dagogische Forschung (AEPF). Dortmund.<\/li>\n<li>Bach, A. (2013, Mai). Kompetenzentwicklung im Schulpraktikum. Ausma\u00df und zeitliche Stabilit\u00e4t von Lerneffekten hochschulischer Praxisphasen. Tagung Praxisausbildung zuk\u00fcnftiger Lehrerinnen und Lehrer: Kompetenzen, Konzepte und Kooperationen. Halle-Wittenberg.<\/li>\n<li>Besa, K.-S., Bach, A. &amp; Arnold,K.-H. (2012, September). Kompetenzentwicklung im Schulpraktikum. Ergebnisse aus dem Projekt ESIS (Entwicklung Studierender in Schulpraktika). 77. Tagung der Arbeitsgruppe f\u00fcr Empirische P\u00e4dagogische Forschung (AEPF). Bielefeld.<\/li>\n<li>Besa, K.-S., Bach, A. &amp; Arnold, K.-H. (2012, September). L\u00e4ngsschnittliche Modellierung der Entwicklung allgemeindidaktischer Kompetenz von Studierenden in Schulpraktika (ESIS). 77. Tagung der Arbeitsgruppe f\u00fcr Empirische P\u00e4dagogische Forschung (AEPF). Bielefeld.<\/li>\n<li>Bach, A., Besa, K.-S. &amp; Arnold, K.-H. (2012, Mai). Entwicklung Studierender in Schulpraktika (ESIS). Internationale Jahrestagung der Sektion \u201eLehrerInnenbildung und LehrerInnenbildungsforschung\u201c der \u201e\u00d6sterreichischen Gesellschaft f\u00fcr Forschung und Entwicklung im Bildungswesen\u201c (\u00d6FEB): Sektion LehrerInnenbildung und LehrerInnenbildungsforschung. Innsbruck.<\/li>\n<li>Besa, K.-S., Bach, A. &amp; Arnold, K.-H. (2011, September). Entwicklung Studierender in Schulpraktika (ESIS). 76. Tagung der Arbeitsgruppe f\u00fcr Empirische P\u00e4dagogische Forschung (AEPF) Klagenfurt.<\/li>\n<li>Bach, A., Besa, K.-S., Brodh\u00e4cker, S. &amp; Arnold, K.-H. (2011, August). Do they really become smarter? The development of lesson planning ability in internships. 14. Biennial EARLI Conference Education for a Global Networked Society. Exeter.<\/li>\n<li>Arnold, K.-H., Bach, A. &amp; Brodh\u00e4cker, S. (2010, Juni). Assessing Lesson Planning Ability in Practice Based Teacher Education: A Multi-Informant Questionnaire Approach. Conference Future Visions for Learning and Teaching (EARLI SIG Teaching and Teacher Education). Helsinki.<\/li>\n<li>Brodh\u00e4cker, S., Bach, A. &amp; Arnold, K.-H. (2010, September). Entwicklung der F\u00e4higkeiten von Unterrichtsplanung, -durchf\u00fchrung und -analyse von Lehramtsstudierenden in Praktika: Ein Fragebogen mit Multiinformantenansatz. 73. Tagung der Arbeitsgruppe f\u00fcr Empirische P\u00e4dagogische Forschung (AEPF). Jena.<\/li>\n<li>Brodh\u00e4cker, S., Bach, A. &amp; Arnold, K.-H. (2010, September). Erfassung der F\u00e4higkeiten von Unterrichtsplanung, -durchf\u00fchrung und -analyse von Lehramtsstudierenden. 73. Tagung der Arbeitsgruppe f\u00fcr Empirische P\u00e4dagogische Forschung (AEPF). Jena.<\/li>\n<\/ul>\n<p>Mitglieder der Projektgruppe: <a href=\"https:\/\/www.uni-hildesheim.de\/fb1\/institute\/institut-fuer-erziehungswissenschaft\/angewandte-erziehungswissensch\/mitglieder\/prof-i-r-dr-karl-heinz-arnold\/\">Prof. Dr. Karl-Heinz Arnold<\/a>, <a href=\"http:\/\/ekvv.uni-bielefeld.de\/pers_publ\/publ\/PersonDetail.jsp;jsessionid=57AB5BABCDB7C75D4700C4DC36959DFD.publ_ekvvb?personId=119953915\">Dr. Kris Stephen Besa<\/a>, <a href=\"https:\/\/www.uni-hildesheim.de\/fb1\/institute\/institut-fuer-erziehungswissenschaft\/angewandte-erziehungswissensch\/mitglieder\/michaela-buedcher\/\" target=\"_blank\" rel=\"noopener\">Michaela B\u00fcdcher<\/a>, <a href=\"https:\/\/www.uni-hildesheim.de\/fb1\/institute\/institut-fuer-erziehungswissenschaft\/angewandte-erziehungswissensch\/mitglieder\/corinna-denger\/\" target=\"_blank\" rel=\"noopener\">Corinna Denger<\/a>, Carolin Just, <a href=\"https:\/\/www.tu-braunschweig.de\/schulpaedagogik\/mitarbeiter\/schuele\">Christoph Sch\u00fcle<\/a>; Universit\u00e4t Hildesheim, D-31141 Hildesheim, Universit\u00e4tsplatz 1; fon +49 (0)5121-883-10150<\/p>\n<hr>\n<p><img loading=\"lazy\" decoding=\"async\" src=\"http:\/\/karlheinzarnold.de\/wp-content\/uploads\/2018\/01\/Quilt16_Wuerfel_2016-300x278.jpg\" alt=\"\" width=\"300\" height=\"278\"><\/p>\n<p style=\"text-align: center;\">W\u00fcrfel Quilt, Detail<br \/>\n(Ursula Arnold, 2016)<\/p>\n","protected":false},"excerpt":{"rendered":"<p>Entwicklung Studierender in Schulpraktika (ESIS) Forschungsprojekt [1999-2017] \u00dcberblick Schulpraktika sollen den Erwerb von fachwissenschaftlichem, fachdidaktischem, erziehungswissenschaftlichem sowie sozialwissenschaftlichem Theoriewissen erg\u00e4nzen und dieses Wissen in einen Anwendungskontext bringen (vgl. Terhart, 2000). Entwickelt wurden hierzu unterschiedliche Klassifikationen relevanter Lehrerkompetenzen (vgl. u.a. Oser &amp; Oelkers, 2001; Frey &amp; Balzer, 2003) sowie generalisierte Modelle der professionellen Handlungskompetenz von Lehrkr\u00e4ften &hellip; <\/p>\n<p class=\"link-more\"><a href=\"http:\/\/karlheinzarnold.de\/?page_id=306\" class=\"more-link\"><span class=\"screen-reader-text\">\u201eESIS\u201c<\/span> weiterlesen<\/a><\/p>\n","protected":false},"author":1,"featured_media":0,"parent":0,"menu_order":0,"comment_status":"closed","ping_status":"closed","template":"","meta":{"_crdt_document":"","footnotes":""},"class_list":["post-306","page","type-page","status-publish","hentry"],"_links":{"self":[{"href":"http:\/\/karlheinzarnold.de\/index.php?rest_route=\/wp\/v2\/pages\/306","targetHints":{"allow":["GET"]}}],"collection":[{"href":"http:\/\/karlheinzarnold.de\/index.php?rest_route=\/wp\/v2\/pages"}],"about":[{"href":"http:\/\/karlheinzarnold.de\/index.php?rest_route=\/wp\/v2\/types\/page"}],"author":[{"embeddable":true,"href":"http:\/\/karlheinzarnold.de\/index.php?rest_route=\/wp\/v2\/users\/1"}],"replies":[{"embeddable":true,"href":"http:\/\/karlheinzarnold.de\/index.php?rest_route=%2Fwp%2Fv2%2Fcomments&post=306"}],"version-history":[{"count":7,"href":"http:\/\/karlheinzarnold.de\/index.php?rest_route=\/wp\/v2\/pages\/306\/revisions"}],"predecessor-version":[{"id":538,"href":"http:\/\/karlheinzarnold.de\/index.php?rest_route=\/wp\/v2\/pages\/306\/revisions\/538"}],"wp:attachment":[{"href":"http:\/\/karlheinzarnold.de\/index.php?rest_route=%2Fwp%2Fv2%2Fmedia&parent=306"}],"curies":[{"name":"wp","href":"https:\/\/api.w.org\/{rel}","templated":true}]}}