{"id":81,"date":"2018-01-15T14:30:08","date_gmt":"2018-01-15T14:30:08","guid":{"rendered":"http:\/\/karlheinzarnold.de\/?page_id=81"},"modified":"2024-08-18T12:49:32","modified_gmt":"2024-08-18T12:49:32","slug":"humoriges","status":"publish","type":"page","link":"http:\/\/karlheinzarnold.de\/?page_id=81","title":{"rendered":"Humoriges"},"content":{"rendered":"<h2>P\u00e4dagogisch-Psychologisches<\/h2>\n<ul>\n<li><a href=\"http:\/\/karlheinzarnold.de\/wp-content\/uploads\/2018\/01\/pisa2000humor.pdf\">Was Sie immer schon \u00fcber PISA wissen wollten, aber bislang nie zu fragen wagten<\/a><\/li>\n<li><a href=\"http:\/\/karlheinzarnold.de\/wp-content\/uploads\/2018\/01\/Arnold_1997_Zwischen_den_Toren_b.pdf\">Zwischen den Toren: Ein p\u00e4dagogischer Schl\u00fcsselbericht.<\/a><br \/>\nTeil 1: Wege aus dem Abseits: Einf\u00fchrung in die kritisch-konstruktive Fu\u00dfballp\u00e4dagogik. Teil 2: Die Nachschl\u00fcssel zum Schl\u00fcsselproblem.<\/li>\n<li><a href=\"http:\/\/karlheinzarnold.de\/wp-content\/uploads\/2018\/11\/Arnold_2001_Didaktik_Diederich-1.pdf\">\u00dcber die Didaktik unter der Didaktik<\/a><\/li>\n<\/ul>\n<h2>Kettenblatt<\/h2>\n<ul>\n<li><a href=\"http:\/\/karlheinzarnold.de\/wp-content\/uploads\/2020\/03\/Vorbemerkung.pdf\">Vorbemerkung<\/a><\/li>\n<li><a href=\"http:\/\/karlheinzarnold.de\/wp-content\/uploads\/2020\/03\/Kater_auf_der_Tour_de_Natur.pdf\">Demn\u00e4chst auch Kater auf der Tour de Natur?<\/a><\/li>\n<li><a href=\"http:\/\/karlheinzarnold.de\/wp-content\/uploads\/2020\/03\/Fremdanmeldung_auf_der_Tour_de_Natur.pdf\">Fremdanmeldung auf der Tour de Natur?<\/a><\/li>\n<li><a href=\"http:\/\/karlheinzarnold.de\/wp-content\/uploads\/2024\/08\/Kettenblatt_2024.pdf\">Innere Uhren auf der Tour de Natur?<\/a><\/li>\n<\/ul>\n<h2>Sonstiges<\/h2>\n<ul>\n<li><a href=\"http:\/\/karlheinzarnold.de\/wp-content\/uploads\/2018\/01\/Pinguruh.pdf\">Neulinge am Nordpol? Das Pinguruh \u2013 ein kritischer Fall der Polarforschung<\/a><\/li>\n<\/ul>\n<hr \/>\n<p><img loading=\"lazy\" decoding=\"async\" class=\"size-medium wp-image-257 aligncenter\" src=\"http:\/\/karlheinzarnold.de\/wp-content\/uploads\/2018\/01\/Quilt18_Bunte_Fliegende_Gaense_2016-300x259.jpg\" alt=\"\" width=\"300\" height=\"259\" srcset=\"http:\/\/karlheinzarnold.de\/wp-content\/uploads\/2018\/01\/Quilt18_Bunte_Fliegende_Gaense_2016-300x259.jpg 300w, http:\/\/karlheinzarnold.de\/wp-content\/uploads\/2018\/01\/Quilt18_Bunte_Fliegende_Gaense_2016.jpg 387w\" sizes=\"auto, (max-width: 300px) 100vw, 300px\" \/><\/p>\n<p style=\"text-align: center;\">Bunte Fliegende G\u00e4nse Quilt, Detail<br \/>\n(Ursula Arnold, 2016)<\/p>\n","protected":false},"excerpt":{"rendered":"<p>P\u00e4dagogisch-Psychologisches Was Sie immer schon \u00fcber PISA wissen wollten, aber bislang nie zu fragen wagten Zwischen den Toren: Ein p\u00e4dagogischer Schl\u00fcsselbericht. Teil 1: Wege aus dem Abseits: Einf\u00fchrung in die kritisch-konstruktive Fu\u00dfballp\u00e4dagogik. Teil 2: Die Nachschl\u00fcssel zum Schl\u00fcsselproblem. \u00dcber die Didaktik unter der Didaktik Kettenblatt Vorbemerkung Demn\u00e4chst auch Kater auf der Tour de Natur? Fremdanmeldung &hellip; <\/p>\n<p class=\"link-more\"><a href=\"http:\/\/karlheinzarnold.de\/?page_id=81\" class=\"more-link\"><span class=\"screen-reader-text\">\u201eHumoriges\u201c<\/span> weiterlesen<\/a><\/p>\n","protected":false},"author":1,"featured_media":0,"parent":2,"menu_order":30,"comment_status":"closed","ping_status":"closed","template":"","meta":{"_crdt_document":"","footnotes":""},"class_list":["post-81","page","type-page","status-publish","hentry"],"_links":{"self":[{"href":"http:\/\/karlheinzarnold.de\/index.php?rest_route=\/wp\/v2\/pages\/81","targetHints":{"allow":["GET"]}}],"collection":[{"href":"http:\/\/karlheinzarnold.de\/index.php?rest_route=\/wp\/v2\/pages"}],"about":[{"href":"http:\/\/karlheinzarnold.de\/index.php?rest_route=\/wp\/v2\/types\/page"}],"author":[{"embeddable":true,"href":"http:\/\/karlheinzarnold.de\/index.php?rest_route=\/wp\/v2\/users\/1"}],"replies":[{"embeddable":true,"href":"http:\/\/karlheinzarnold.de\/index.php?rest_route=%2Fwp%2Fv2%2Fcomments&post=81"}],"version-history":[{"count":19,"href":"http:\/\/karlheinzarnold.de\/index.php?rest_route=\/wp\/v2\/pages\/81\/revisions"}],"predecessor-version":[{"id":779,"href":"http:\/\/karlheinzarnold.de\/index.php?rest_route=\/wp\/v2\/pages\/81\/revisions\/779"}],"up":[{"embeddable":true,"href":"http:\/\/karlheinzarnold.de\/index.php?rest_route=\/wp\/v2\/pages\/2"}],"wp:attachment":[{"href":"http:\/\/karlheinzarnold.de\/index.php?rest_route=%2Fwp%2Fv2%2Fmedia&parent=81"}],"curies":[{"name":"wp","href":"https:\/\/api.w.org\/{rel}","templated":true}]}}